{"id":194,"date":"2018-08-31T00:02:14","date_gmt":"2018-08-31T00:02:14","guid":{"rendered":"http:\/\/www.gurprasaad.eu\/fr\/?page_id=194"},"modified":"2024-10-10T08:57:45","modified_gmt":"2024-10-10T08:57:45","slug":"vision","status":"publish","type":"page","link":"https:\/\/gurprasaad.eu\/fr\/nl\/vision\/","title":{"rendered":"Onze visie"},"content":{"rendered":"[et_pb_section fb_built=\u00a0\u00bb1&Prime; admin_label=\u00a0\u00bbHero section\u00a0\u00bb _builder_version=\u00a0\u00bb4.16&Prime; background_image=\u00a0\u00bbhttps:\/\/gurprasaad.eu\/fr\/wp-content\/uploads\/2018\/10\/Kundalini_Yoga_Sat_Atma-e1538604640492.jpg\u00a0\u00bb parallax=\u00a0\u00bbon\u00a0\u00bb parallax_method=\u00a0\u00bboff\u00a0\u00bb custom_margin=\u00a0\u00bb|||\u00a0\u00bb custom_padding=\u00a0\u00bb10%||10%|\u00a0\u00bb global_colors_info=\u00a0\u00bb{}\u00a0\u00bb][et_pb_row _builder_version=\u00a0\u00bb4.16&Prime; custom_margin=\u00a0\u00bb-5%||40px|\u00a0\u00bb custom_margin_tablet=\u00a0\u00bb-5%||30px|\u00a0\u00bb custom_margin_phone=\u00a0\u00bb-5%||20px|\u00a0\u00bb custom_margin_last_edited=\u00a0\u00bbon|phone\u00a0\u00bb animation_style=\u00a0\u00bbfade\u00a0\u00bb z_index_tablet=\u00a0\u00bb500&Prime; global_colors_info=\u00a0\u00bb{}\u00a0\u00bb][et_pb_column type=\u00a0\u00bb4_4&Prime; _builder_version=\u00a0\u00bb4.16&Prime; custom_padding=\u00a0\u00bb1px|||\u00a0\u00bb global_colors_info=\u00a0\u00bb{}\u00a0\u00bb custom_padding__hover=\u00a0\u00bb|||\u00a0\u00bb][et_pb_text _builder_version=\u00a0\u00bb4.16&Prime; animation_style=\u00a0\u00bbfade\u00a0\u00bb z_index_tablet=\u00a0\u00bb500&Prime; global_colors_info=\u00a0\u00bb{}\u00a0\u00bb]\n<h1><span style=\"font-size: 30pt; color: #ffffff;\"><strong>De innerlijke vonk leven<\/strong><\/span><\/h1>\n<p><span style=\"color: #ffffff; font-size: 20pt;\"><strong>Kundalini Yoga &amp; Sat Nam Rasayan<\/strong><\/span><\/p>\n[\/et_pb_text][\/et_pb_column][\/et_pb_row][et_pb_row column_structure=\u00a0\u00bb1_2,1_2&Prime; use_custom_gutter=\u00a0\u00bbon\u00a0\u00bb gutter_width=\u00a0\u00bb1&Prime; _builder_version=\u00a0\u00bb4.16&Prime; background_color=\u00a0\u00bbrgba(255,255,255,0.8)\u00a0\u00bb background_image=\u00a0\u00bbhttps:\/\/gurprasaad.eu\/fr\/wp-content\/uploads\/2018\/10\/mehndi-212-1.png\u00a0\u00bb background_size=\u00a0\u00bbinitial\u00a0\u00bb background_position=\u00a0\u00bbbottom_right\u00a0\u00bb max_width=\u00a0\u00bb1440px\u00a0\u00bb custom_padding=\u00a0\u00bb60px|0px|60px|0px\u00a0\u00bb animation_style=\u00a0\u00bbfade\u00a0\u00bb animation_direction=\u00a0\u00bbbottom\u00a0\u00bb animation_starting_opacity=\u00a0\u00bb100%\u00a0\u00bb z_index_tablet=\u00a0\u00bb500&Prime; border_radii=\u00a0\u00bbon|15px|15px|15px|15px\u00a0\u00bb border_color_all=\u00a0\u00bb#45b75c\u00a0\u00bb border_width_top=\u00a0\u00bb18px\u00a0\u00bb box_shadow_style=\u00a0\u00bbpreset3&Prime; box_shadow_vertical=\u00a0\u00bb39px\u00a0\u00bb box_shadow_blur=\u00a0\u00bb80px\u00a0\u00bb box_shadow_color=\u00a0\u00bbrgba(0,0,0,0.1)\u00a0\u00bb use_custom_width=\u00a0\u00bbon\u00a0\u00bb custom_width_px=\u00a0\u00bb1440px\u00a0\u00bb global_colors_info=\u00a0\u00bb{}\u00a0\u00bb][et_pb_column type=\u00a0\u00bb1_2&Prime; _builder_version=\u00a0\u00bb4.16&Prime; custom_padding=\u00a0\u00bb|40px||40px\u00a0\u00bb global_colors_info=\u00a0\u00bb{}\u00a0\u00bb custom_padding__hover=\u00a0\u00bb|||\u00a0\u00bb][et_pb_text _builder_version=\u00a0\u00bb4.16&Prime; animation_style=\u00a0\u00bbfade\u00a0\u00bb z_index_tablet=\u00a0\u00bb500&Prime; global_colors_info=\u00a0\u00bb{}\u00a0\u00bb]\n<h1><span style=\"color: #ecbc3d;\" wfd-id=\"46\">Onze visie<\/span><img loading=\"lazy\" decoding=\"async\" class=\"alignright wp-image-238\" src=\"https:\/\/gurprasaad.eu\/fr\/wp-content\/uploads\/2018\/08\/Sat_Atma_Yoga-150x150.png\" alt=\"\" width=\"180\" height=\"181\" srcset=\"https:\/\/gurprasaad.eu\/fr\/wp-content\/uploads\/2018\/08\/Sat_Atma_Yoga-150x150.png 150w, https:\/\/gurprasaad.eu\/fr\/wp-content\/uploads\/2018\/08\/Sat_Atma_Yoga.png 200w\" sizes=\"(max-width: 180px) 100vw, 180px\" \/><\/h1>\n<p><strong>.<\/strong>\u00a0In de wilde bergen 'Les C\u00e9vennes' in het zuiden van Frankrijk, 70 km ten noorden van Montpellier, komt in een traditionele boerderij de School of Life Gur Prasaad tot leven.<\/p>\n<p>Het is een plek om te leren voor iedereen, deelnemers, vrijwilligers en degenen onder ons die hier wonen. Het leren van de leer van Yogi Bhajan in vele vormen en ook het leren in het dagelijks leven: communicatie, het beheersen van de negen gaten*, karma yoga en co-creatie.<\/p>\n<p>In yoga erkennen we dat beheersing van de 9 gaten (2 oren, 2 ogen, 2 neusgaten, de mond en de openingen voor eliminatie en seksueel leven) leidt tot het openen van de 10e poort boven in het hoofd.\nDoor die poort stroomt universele energie die het bewustzijn wekt en verlicht. Het beheersen van de 9 poorten betekent het bewust afstemmen van hun input en output op je hoogste zelf.<\/p>\n<p>Een hartelijke yogagemeenschap die een succesvol eco-retraitecentrum runt voor cursussen en evenementen in alle aspecten van de leer van Yogi Bhajan, zoals Kundalini yoga &amp; meditatie, Sat Nam Rasayan Healing, Naad yoga, Shabad Guru, Sikh Dharma, humanologie, vrouwenleringen, Teacher Training en meer.<\/p>\n[\/et_pb_text][\/et_pb_column][et_pb_column type=\u00a0\u00bb1_2&Prime; _builder_version=\u00a0\u00bb4.16&Prime; custom_padding=\u00a0\u00bb|40px||40px\u00a0\u00bb global_colors_info=\u00a0\u00bb{}\u00a0\u00bb custom_padding__hover=\u00a0\u00bb|||\u00a0\u00bb][et_pb_text _builder_version=\u00a0\u00bb4.21.0&Prime; animation_style=\u00a0\u00bbfade\u00a0\u00bb hover_enabled=\u00a0\u00bb0&Prime; z_index_tablet=\u00a0\u00bb500&Prime; global_colors_info=\u00a0\u00bb{}\u00a0\u00bb sticky_enabled=\u00a0\u00bb0&Prime;]\n<p>Het land en het huis worden op een ecologische manier verzorgd, met biologische tuinen, fruitbomen, hernieuwbare energie, afvalwaterzuivering voor hergebruik, duurzame materialen in bouw en onderhoud, en met respect voor het lokale erfgoed, zowel natuurlijk als cultureel.<\/p>\n<p>Het centrum heet School of Life, wat te maken heeft met de toewijding om te leren. Het leren van de leer, de lessen in het dagelijks leven en uiteindelijk het leren om een gelukkig mens te zijn die zich inzet om deel uit te maken van de oplossing en niet van het probleem, persoonlijk en wereldwijd.<\/p>\n<p>Gur Prasaad betekent 'door de genade van de Guru'. De Guru is de kracht die je van schaduw naar licht brengt, van verwarring naar helderheid, van dualiteit naar eenheid en van conflict naar stroom.  Gur is ook de technologie, de methode dus Gur Prasaad is de technologie van genade; leven in genade, gedragen worden door genade.<\/p>\n<p>\u2018Gur\u2019 c\u2019est aussi la technologie, la m\u00e9thode &#8211; ainsi Gur Prasaad est la technologie de la gr\u00e2ce; vivre en \u00e9tat de gr\u00e2ce, \u00eatre port\u00e9 par la gr\u00e2ce. Reconna\u00eetre la pr\u00e9sence infinie de la gr\u00e2ce \u00e0 nos c\u00f4t\u00e9s, dans nos pens\u00e9es, paroles et actes. Nous faisons partie de cet \u00eatre subtil ind\u00e9finissable qui pourtant est aussi au-del\u00e0 de nous.<\/p>\n<p>Wah\u00e9 Guru!<\/p>\n[\/et_pb_text][\/et_pb_column][\/et_pb_row][\/et_pb_section]","protected":false},"excerpt":{"rendered":"<p>Living the inner spark Kundalini Yoga &amp; Sat Nam Rasayan Notre Vision L\u2019\u00c9cole de Vie \u2018Gur Prasaad\u2019\u00a0vous accueillera dans le cadre naturel du parc national des C\u00e9vennes, dans le sud de la France, \u00e0 70 kms au nord de Montpellier. Ce centre en cours d\u2019\u00e9closion est un lieu qui permet \u00e0 tous, participants, b\u00e9n\u00e9voles ou [&hellip;]<\/p>","protected":false},"author":2,"featured_media":0,"parent":0,"menu_order":0,"comment_status":"closed","ping_status":"closed","template":"","meta":{"_et_pb_use_builder":"on","_et_pb_old_content":"","_et_gb_content_width":"","footnotes":""},"yoast_head":"<!-- This site is optimized with the Yoast SEO plugin v21.5 - https:\/\/yoast.com\/wordpress\/plugins\/seo\/ -->\n<title>Notre Vision &#8226; Bienvenue \u00e0 Camporiol<\/title>\n<meta name=\"description\" content=\"L\u2019\u00c9cole de Vie \u2018Gur Prasaad\u2019 vous accueillera dans le cadre naturel du parc national des C\u00e9vennes, dans le sud de la France, \u00e0 70 kms au nord de Montpellier.\" \/>\n<meta name=\"robots\" content=\"index, follow, max-snippet:-1, max-image-preview:large, max-video-preview:-1\" \/>\n<link rel=\"canonical\" href=\"https:\/\/gurprasaad.eu\/fr\/nl\/vision\/\" \/>\n<meta property=\"og:locale\" content=\"nl_NL\" \/>\n<meta property=\"og:type\" content=\"article\" \/>\n<meta property=\"og:title\" content=\"Notre Vision &#8226; Bienvenue \u00e0 Camporiol\" \/>\n<meta property=\"og:description\" content=\"L\u2019\u00c9cole de Vie \u2018Gur Prasaad\u2019 vous accueillera dans le cadre naturel du parc national des C\u00e9vennes, dans le sud de la France, \u00e0 70 kms au nord de Montpellier.\" \/>\n<meta property=\"og:url\" content=\"https:\/\/gurprasaad.eu\/fr\/nl\/vision\/\" \/>\n<meta property=\"og:site_name\" content=\"Bienvenue \u00e0 Camporiol\" \/>\n<meta property=\"article:publisher\" content=\"https:\/\/www.facebook.com\/satatma.khalsa\" \/>\n<meta property=\"article:modified_time\" content=\"2024-10-10T08:57:45+00:00\" \/>\n<meta property=\"og:image\" content=\"https:\/\/gurprasaad.eu\/fr\/wp-content\/uploads\/2018\/08\/Sat_Atma_Yoga-150x150.png\" \/>\n<meta name=\"twitter:card\" content=\"summary_large_image\" \/>\n<meta name=\"twitter:label1\" content=\"Geschatte leestijd\" \/>\n\t<meta name=\"twitter:data1\" content=\"3 minuten\" \/>\n<script type=\"application\/ld+json\" class=\"yoast-schema-graph\">{\"@context\":\"https:\/\/schema.org\",\"@graph\":[{\"@type\":\"WebPage\",\"@id\":\"https:\/\/gurprasaad.eu\/fr\/vision\/\",\"url\":\"https:\/\/gurprasaad.eu\/fr\/vision\/\",\"name\":\"Notre Vision &#8226; Bienvenue \u00e0 Camporiol\",\"isPartOf\":{\"@id\":\"https:\/\/gurprasaad.eu\/fr\/#website\"},\"datePublished\":\"2018-08-31T00:02:14+00:00\",\"dateModified\":\"2024-10-10T08:57:45+00:00\",\"description\":\"L\u2019\u00c9cole de Vie \u2018Gur Prasaad\u2019 vous accueillera dans le cadre naturel du parc national des C\u00e9vennes, dans le sud de la France, \u00e0 70 kms au nord de Montpellier.\",\"breadcrumb\":{\"@id\":\"https:\/\/gurprasaad.eu\/fr\/vision\/#breadcrumb\"},\"inLanguage\":\"nl-NL\",\"potentialAction\":[{\"@type\":\"ReadAction\",\"target\":[\"https:\/\/gurprasaad.eu\/fr\/vision\/\"]}]},{\"@type\":\"BreadcrumbList\",\"@id\":\"https:\/\/gurprasaad.eu\/fr\/vision\/#breadcrumb\",\"itemListElement\":[{\"@type\":\"ListItem\",\"position\":1,\"name\":\"Startseite\",\"item\":\"https:\/\/gurprasaad.eu\/fr\/\"},{\"@type\":\"ListItem\",\"position\":2,\"name\":\"Notre Vision\"}]},{\"@type\":\"WebSite\",\"@id\":\"https:\/\/gurprasaad.eu\/fr\/#website\",\"url\":\"https:\/\/gurprasaad.eu\/fr\/\",\"name\":\"Bienvenue \u00e0 Camporiol\",\"description\":\"Se sentir BIEN. \u00catre BIENVEILLANT. Faire le BIEN. Yogi Bhajan\",\"potentialAction\":[{\"@type\":\"SearchAction\",\"target\":{\"@type\":\"EntryPoint\",\"urlTemplate\":\"https:\/\/gurprasaad.eu\/fr\/?s={search_term_string}\"},\"query-input\":\"required name=search_term_string\"}],\"inLanguage\":\"nl-NL\"}]}<\/script>\n<!-- \/ Yoast SEO plugin. -->","yoast_head_json":{"title":"Notre Vision &#8226; Bienvenue \u00e0 Camporiol","description":"L\u2019\u00c9cole de Vie \u2018Gur Prasaad\u2019 vous accueillera dans le cadre naturel du parc national des C\u00e9vennes, dans le sud de la France, \u00e0 70 kms au nord de Montpellier.","robots":{"index":"index","follow":"follow","max-snippet":"max-snippet:-1","max-image-preview":"max-image-preview:large","max-video-preview":"max-video-preview:-1"},"canonical":"https:\/\/gurprasaad.eu\/fr\/nl\/vision\/","og_locale":"nl_NL","og_type":"article","og_title":"Notre Vision &#8226; Bienvenue \u00e0 Camporiol","og_description":"L\u2019\u00c9cole de Vie \u2018Gur Prasaad\u2019 vous accueillera dans le cadre naturel du parc national des C\u00e9vennes, dans le sud de la France, \u00e0 70 kms au nord de Montpellier.","og_url":"https:\/\/gurprasaad.eu\/fr\/nl\/vision\/","og_site_name":"Bienvenue \u00e0 Camporiol","article_publisher":"https:\/\/www.facebook.com\/satatma.khalsa","article_modified_time":"2024-10-10T08:57:45+00:00","og_image":[{"url":"https:\/\/gurprasaad.eu\/fr\/wp-content\/uploads\/2018\/08\/Sat_Atma_Yoga-150x150.png"}],"twitter_card":"summary_large_image","twitter_misc":{"Geschatte leestijd":"3 minuten"},"schema":{"@context":"https:\/\/schema.org","@graph":[{"@type":"WebPage","@id":"https:\/\/gurprasaad.eu\/fr\/vision\/","url":"https:\/\/gurprasaad.eu\/fr\/vision\/","name":"Notre Vision &#8226; Bienvenue \u00e0 Camporiol","isPartOf":{"@id":"https:\/\/gurprasaad.eu\/fr\/#website"},"datePublished":"2018-08-31T00:02:14+00:00","dateModified":"2024-10-10T08:57:45+00:00","description":"L\u2019\u00c9cole de Vie \u2018Gur Prasaad\u2019 vous accueillera dans le cadre naturel du parc national des C\u00e9vennes, dans le sud de la France, \u00e0 70 kms au nord de Montpellier.","breadcrumb":{"@id":"https:\/\/gurprasaad.eu\/fr\/vision\/#breadcrumb"},"inLanguage":"nl-NL","potentialAction":[{"@type":"ReadAction","target":["https:\/\/gurprasaad.eu\/fr\/vision\/"]}]},{"@type":"BreadcrumbList","@id":"https:\/\/gurprasaad.eu\/fr\/vision\/#breadcrumb","itemListElement":[{"@type":"ListItem","position":1,"name":"Startseite","item":"https:\/\/gurprasaad.eu\/fr\/"},{"@type":"ListItem","position":2,"name":"Notre Vision"}]},{"@type":"WebSite","@id":"https:\/\/gurprasaad.eu\/fr\/#website","url":"https:\/\/gurprasaad.eu\/fr\/","name":"Bienvenue \u00e0 Camporiol","description":"Se sentir BIEN. \u00catre BIENVEILLANT. Faire le BIEN. Yogi Bhajan","potentialAction":[{"@type":"SearchAction","target":{"@type":"EntryPoint","urlTemplate":"https:\/\/gurprasaad.eu\/fr\/?s={search_term_string}"},"query-input":"required name=search_term_string"}],"inLanguage":"nl-NL"}]}},"_links":{"self":[{"href":"https:\/\/gurprasaad.eu\/fr\/nl\/wp-json\/wp\/v2\/pages\/194"}],"collection":[{"href":"https:\/\/gurprasaad.eu\/fr\/nl\/wp-json\/wp\/v2\/pages"}],"about":[{"href":"https:\/\/gurprasaad.eu\/fr\/nl\/wp-json\/wp\/v2\/types\/page"}],"author":[{"embeddable":true,"href":"https:\/\/gurprasaad.eu\/fr\/nl\/wp-json\/wp\/v2\/users\/2"}],"replies":[{"embeddable":true,"href":"https:\/\/gurprasaad.eu\/fr\/nl\/wp-json\/wp\/v2\/comments?post=194"}],"version-history":[{"count":3,"href":"https:\/\/gurprasaad.eu\/fr\/nl\/wp-json\/wp\/v2\/pages\/194\/revisions"}],"predecessor-version":[{"id":2610,"href":"https:\/\/gurprasaad.eu\/fr\/nl\/wp-json\/wp\/v2\/pages\/194\/revisions\/2610"}],"wp:attachment":[{"href":"https:\/\/gurprasaad.eu\/fr\/nl\/wp-json\/wp\/v2\/media?parent=194"}],"curies":[{"name":"wp","href":"https:\/\/api.w.org\/{rel}","templated":true}]}}